{"id":705,"date":"2014-12-02T08:27:23","date_gmt":"2014-12-02T08:27:23","guid":{"rendered":"http:\/\/ol-osterhofen.de\/?page_id=705"},"modified":"2019-10-08T08:52:45","modified_gmt":"2019-10-08T08:52:45","slug":"gruendung","status":"publish","type":"page","link":"http:\/\/ol-osterhofen.de\/?page_id=705","title":{"rendered":"Gr\u00fcndung"},"content":{"rendered":"<div id=\"attachment_709\" style=\"width: 209px\" class=\"wp-caption alignleft\"><a href=\"http:\/\/ol-osterhofen.de\/wp-content\/uploads\/2014\/12\/Georg_Reischl_Gr\u00fcndung.jpg\"><img aria-describedby=\"caption-attachment-709\" decoding=\"async\" loading=\"lazy\" class=\"size-medium wp-image-709\" src=\"http:\/\/ol-osterhofen.de\/wp-content\/uploads\/2014\/12\/Georg_Reischl_Gr\u00fcndung-199x300.jpg\" alt=\"Georg Reischl\" width=\"199\" height=\"300\" srcset=\"http:\/\/ol-osterhofen.de\/wp-content\/uploads\/2014\/12\/Georg_Reischl_Gr\u00fcndung-199x300.jpg 199w, http:\/\/ol-osterhofen.de\/wp-content\/uploads\/2014\/12\/Georg_Reischl_Gr\u00fcndung.jpg 371w\" sizes=\"(max-width: 199px) 100vw, 199px\" \/><\/a><p id=\"caption-attachment-709\" class=\"wp-caption-text\">Georg Reischl<\/p><\/div>\n<p style=\"text-align: justify;\">Die Sparte Orientierungslauf wurde 1974 durch Georg Reischl gegr\u00fcndet unter den damaligen Vereinsvorsitzenden Edmund Wanner. Inspiriert von einem schwedischen Dokumentationsfilm \u00fcber Orientierungslauf, begann Georg Reischl mit dem Aufbau einer OL-Gruppe. Hierzu wurden spezielle OL-Karten f\u00fcr Training und Wettk\u00e4mpfe erstellt. Es wurde ein ganzj\u00e4hriges regelm\u00e4\u00dfiges Training f\u00fcr Jugendliche angeboten. Als Lehrer an der Knabenrealschule bot er auch Orientierungslauf als Nachmittagssport an. Er brachte im Lauf der Jahre weit \u00fcber 50 jungen Leute zum OL, von denen er auch einige an\u00a0die bayerische und vereinzelt auch an die deutsche OL-Spitze brachte.<\/p>\n","protected":false},"excerpt":{"rendered":"<p>Die Sparte Orientierungslauf wurde 1974 durch Georg Reischl gegr\u00fcndet unter den damaligen Vereinsvorsitzenden Edmund Wanner. Inspiriert von einem schwedischen Dokumentationsfilm \u00fcber Orientierungslauf, begann Georg Reischl mit dem Aufbau einer OL-Gruppe. Hierzu wurden spezielle OL-Karten f\u00fcr Training und Wettk\u00e4mpfe erstellt. Es &hellip; <a class=\"more-link\" href=\"http:\/\/ol-osterhofen.de\/?page_id=705\">weiterlesen<\/a><\/p>","protected":false},"author":1,"featured_media":0,"parent":0,"menu_order":0,"comment_status":"closed","ping_status":"closed","template":"","meta":{"_mc_calendar":[]},"_links":{"self":[{"href":"http:\/\/ol-osterhofen.de\/index.php?rest_route=\/wp\/v2\/pages\/705"}],"collection":[{"href":"http:\/\/ol-osterhofen.de\/index.php?rest_route=\/wp\/v2\/pages"}],"about":[{"href":"http:\/\/ol-osterhofen.de\/index.php?rest_route=\/wp\/v2\/types\/page"}],"author":[{"embeddable":true,"href":"http:\/\/ol-osterhofen.de\/index.php?rest_route=\/wp\/v2\/users\/1"}],"replies":[{"embeddable":true,"href":"http:\/\/ol-osterhofen.de\/index.php?rest_route=%2Fwp%2Fv2%2Fcomments&post=705"}],"version-history":[{"count":4,"href":"http:\/\/ol-osterhofen.de\/index.php?rest_route=\/wp\/v2\/pages\/705\/revisions"}],"predecessor-version":[{"id":1648,"href":"http:\/\/ol-osterhofen.de\/index.php?rest_route=\/wp\/v2\/pages\/705\/revisions\/1648"}],"wp:attachment":[{"href":"http:\/\/ol-osterhofen.de\/index.php?rest_route=%2Fwp%2Fv2%2Fmedia&parent=705"}],"curies":[{"name":"wp","href":"https:\/\/api.w.org\/{rel}","templated":true}]}}